{"id":1182,"date":"2025-03-21T10:21:46","date_gmt":"2025-03-21T09:21:46","guid":{"rendered":"http:\/\/cdgm.classic-days.de\/visitors\/programme\/"},"modified":"2025-10-01T10:41:39","modified_gmt":"2025-10-01T08:41:39","slug":"programme","status":"publish","type":"page","link":"https:\/\/www.grandmeeting.de\/en\/visitors\/programme\/","title":{"rendered":"Programme"},"content":{"rendered":"<div class=\"wpb-content-wrapper\"><p>[vc_row row_height_percent=&#8221;0&#8243; override_padding=&#8221;yes&#8221; h_padding=&#8221;2&#8243; top_padding=&#8221;2&#8243; bottom_padding=&#8221;0&#8243; overlay_alpha=&#8221;50&#8243; gutter_size=&#8221;3&#8243; column_width_percent=&#8221;100&#8243; shift_y=&#8221;0&#8243; z_index=&#8221;0&#8243; content_parallax=&#8221;0&#8243; uncode_shortcode_id=&#8221;202080&#8243;][vc_column width=&#8221;1\/1&#8243;][vc_custom_heading text_size=&#8221;h1&#8243; uncode_shortcode_id=&#8221;373857&#8243; el_class=&#8221;headline-nomargin-bottom&#8221;]Ready \u2013 Set \u2013 Start your engines![\/vc_custom_heading][vc_custom_heading heading_semantic=&#8221;h3&#8243; uncode_shortcode_id=&#8221;471007&#8243; el_class=&#8221;headline-nomargin-top&#8221;]Das Programm 2025 ist ver\u00f6ffentlicht[\/vc_custom_heading][\/vc_column][\/vc_row][vc_row row_height_percent=&#8221;0&#8243; overlay_alpha=&#8221;50&#8243; gutter_size=&#8221;4&#8243; column_width_percent=&#8221;100&#8243; shift_y=&#8221;0&#8243; z_index=&#8221;0&#8243; inverted_device_order=&#8221;yes&#8221; content_parallax=&#8221;0&#8243; uncode_shortcode_id=&#8221;152275&#8243;][vc_column width=&#8221;1\/2&#8243;][vc_column_text uncode_shortcode_id=&#8221;536418&#8243;]<\/p>\n<p style=\"font-weight: 400;\">Hier nun alle Programmzeiten zu den L\u00e4ufen auf der Demonstrations-Rundstrecke der Racing Legends.<\/p>\n<p style=\"font-weight: 400;\">Alle Starterfelder \u2013 alle historischen Grid \u2013 sind zu finden. Die Sonderl\u00e4ufe und die Grids der Epochen starten immer gleich mehrmals am Tag.<\/p>\n<p style=\"font-weight: 400;\">Das verr\u00fcckte und stilvolle Klassiker- und Motorfestival verspricht allen Besuchern, Fans und G\u00e4sten auch in diesem Jahr am ersten Augustwochenende vielf\u00e4ltigen Oldtimerspa\u00df f\u00fcr die ganze Familie. Vollgepackt mit H\u00f6hepunkten, Sonderl\u00e4ufen, Unterhaltung, Lifestyle und Automobil-Historie.<\/p>\n<p>[\/vc_column_text][vc_button button_color=&#8221;accent&#8221; border_width=&#8221;0&#8243; link=&#8221;url:https%3A%2F%2Fclassic-days.shop%2Fde%2Ftickets%2F1.html%23day1|target:_blank|&#8221; uncode_shortcode_id=&#8221;182941&#8243; button_color_type=&#8221;uncode-palette&#8221;]Noch kein Ticket? Gibt es gleich hier \u2026[\/vc_button][\/vc_column][vc_column column_width_percent=&#8221;100&#8243; gutter_size=&#8221;3&#8243; overlay_alpha=&#8221;50&#8243; shift_x=&#8221;0&#8243; shift_y=&#8221;0&#8243; shift_y_down=&#8221;0&#8243; z_index=&#8221;0&#8243; medium_width=&#8221;0&#8243; mobile_width=&#8221;0&#8243; width=&#8221;1\/2&#8243; uncode_shortcode_id=&#8221;107875&#8243;][vc_single_image media=&#8221;3966&#8243; media_width_percent=&#8221;100&#8243; shadow=&#8221;yes&#8221; shadow_weight=&#8221;sm&#8221; shadow_darker=&#8221;yes&#8221; css_animation=&#8221;parallax&#8221; parallax_intensity=&#8221;3&#8243; uncode_shortcode_id=&#8221;142940&#8243;][\/vc_column][\/vc_row][vc_row][vc_column width=&#8221;1\/2&#8243;][vc_custom_heading text_color=&#8221;accent&#8221; text_size=&#8221;h1&#8243; uncode_shortcode_id=&#8221;174827&#8243; el_class=&#8221;headline-nomargin-bottom&#8221; text_color_type=&#8221;uncode-palette&#8221;]Programm &amp; Zeitplan[\/vc_custom_heading][vc_custom_heading text_color=&#8221;accent&#8221; uncode_shortcode_id=&#8221;200608&#8243; el_class=&#8221;headline-nomargin-top&#8221; text_color_type=&#8221;uncode-palette&#8221;]1. \u2013 3. August 2025[\/vc_custom_heading][vc_column_text uncode_shortcode_id=&#8221;189767&#8243; el_class=&#8221;table-programme&#8221;]<\/p>\n<table>\n<thead>\n<tr>\n<th colspan=\"3\">Freitag <span class=\"table-headtext-normal\">1. August 2025*<\/span><\/th>\n<\/tr>\n<\/thead>\n<tbody>\n<tr>\n<td>10:00<\/td>\n<td>Uhr<\/td>\n<td>Beginn des Schnupper- und Check-In-Tags<\/td>\n<\/tr>\n<tr>\n<td>18:00<\/td>\n<td>Uhr<\/td>\n<td>Offizielles Ende des 1. Tags<\/td>\n<\/tr>\n<\/tbody>\n<\/table>\n<p>[\/vc_column_text][\/vc_column][vc_column width=&#8221;1\/2&#8243;][\/vc_column][\/vc_row][vc_row][vc_column width=&#8221;1\/2&#8243;][vc_column_text uncode_shortcode_id=&#8221;184446&#8243; el_class=&#8221;table-programme&#8221; css=&#8221;.vc_custom_1753452851505{margin-bottom: 0px !important;}&#8221;]<\/p>\n<table>\n<thead>\n<tr>\n<th colspan=\"3\">Samstag <span class=\"table-headtext-normal\">2. August 2025*<\/span><\/th>\n<\/tr>\n<\/thead>\n<tbody>\n<tr>\n<td>9:00<\/td>\n<td>Uhr<\/td>\n<td>Beginn des Festival-Samstags<\/td>\n<\/tr>\n<tr>\n<td>9:55<\/td>\n<td>Uhr<\/td>\n<td>Motorr\u00e4der<\/td>\n<\/tr>\n<tr>\n<td>10:15<\/td>\n<td>Uhr<\/td>\n<td>Racing Legends \u201eHistoric\u201c<\/td>\n<\/tr>\n<tr>\n<td>10:35<\/td>\n<td>Uhr<\/td>\n<td>Racing Legends \u201eHeritage Heroes\u201c<\/td>\n<\/tr>\n<\/tbody>\n<\/table>\n<p>[\/vc_column_text][vc_column_text uncode_shortcode_id=&#8221;103669&#8243; el_class=&#8221;table-programme table-markup-gold&#8221; css=&#8221;.vc_custom_1753454563007{margin-top: 0px !important;margin-bottom: 0px !important;}&#8221;]<\/p>\n<table>\n<thead>\n<tr>\n<th colspan=\"3\">Sonderl\u00e4ufe<\/th>\n<\/tr>\n<\/thead>\n<tbody>\n<tr>\n<td>10:55<\/td>\n<td>Uhr<\/td>\n<td>Benjafields Racing Club \u2013 Bentleys<\/td>\n<\/tr>\n<tr>\n<td>11:15<\/td>\n<td>Uhr<\/td>\n<td>American LaFrance<\/td>\n<\/tr>\n<tr>\n<td>11:35<\/td>\n<td>Uhr<\/td>\n<td>Wisconsin Special<\/td>\n<\/tr>\n<tr>\n<td>11:55<\/td>\n<td>Uhr<\/td>\n<td>Motor Klassik Leserlauf \u2013 VW K\u00e4fer<\/td>\n<\/tr>\n<\/tbody>\n<\/table>\n<p>[\/vc_column_text][vc_column_text uncode_shortcode_id=&#8221;157194&#8243; el_class=&#8221;table-programme&#8221; css=&#8221;.vc_custom_1753453144436{margin-top: 0px !important;}&#8221;]<\/p>\n<table>\n<tbody>\n<tr>\n<td>12:15<\/td>\n<td>Uhr<\/td>\n<td>Racing Legends \u201eModern\u201c<\/td>\n<\/tr>\n<tr>\n<td>12:35<\/td>\n<td>Uhr<\/td>\n<td>Benjamins Racing Club<\/td>\n<\/tr>\n<tr>\n<td>12:55<\/td>\n<td>Uhr<\/td>\n<td>Racing Legends \u201ePrewars\u201c<\/td>\n<\/tr>\n<\/tbody>\n<\/table>\n<p>[\/vc_column_text][vc_column_text uncode_shortcode_id=&#8221;181996&#8243; el_class=&#8221;table-programme table-markup-gold&#8221; css=&#8221;.vc_custom_1753453966751{margin-top: 0px !important;margin-bottom: 0px !important;}&#8221;]<\/p>\n<table>\n<tbody>\n<tr class=\"table-empty-row\">\n<td><\/td>\n<td><\/td>\n<td><\/td>\n<\/tr>\n<tr>\n<td>13:15<\/td>\n<td>Uhr<\/td>\n<td>Japan Domestic Market \/ JDMS &amp; Film Cars<\/td>\n<\/tr>\n<tr>\n<td>13:35<\/td>\n<td>Uhr<\/td>\n<td>Benjafields Racing Club \u2013 Bentleys<\/td>\n<\/tr>\n<tr>\n<td>13:55<\/td>\n<td>Uhr<\/td>\n<td>Land Rover Sonderlauf<\/td>\n<\/tr>\n<\/tbody>\n<\/table>\n<p>[\/vc_column_text][vc_column_text uncode_shortcode_id=&#8221;767606&#8243; el_class=&#8221;table-programme&#8221; css=&#8221;.vc_custom_1753453440480{margin-top: 0px !important;}&#8221;]<\/p>\n<table>\n<tbody>\n<tr>\n<td>14:10<\/td>\n<td>Uhr<\/td>\n<td>Motorr\u00e4der<\/td>\n<\/tr>\n<tr>\n<td>14:30<\/td>\n<td>Uhr<\/td>\n<td>Racing Legends \u201eHistoric\u201c<\/td>\n<\/tr>\n<tr>\n<td>14:50<\/td>\n<td>Uhr<\/td>\n<td>Racing Legends \u201eHeritage Heroes\u201c<\/td>\n<\/tr>\n<\/tbody>\n<\/table>\n<p>[\/vc_column_text][vc_column_text uncode_shortcode_id=&#8221;191954&#8243; el_class=&#8221;table-programme table-markup-gold&#8221; css=&#8221;.vc_custom_1753454147360{margin-top: 0px !important;margin-bottom: 0px !important;}&#8221;]<\/p>\n<table>\n<tbody>\n<tr class=\"table-empty-row\">\n<td><\/td>\n<td><\/td>\n<td><\/td>\n<\/tr>\n<tr>\n<td>15:10<\/td>\n<td>Uhr<\/td>\n<td>DTM Porsche<\/td>\n<\/tr>\n<\/tbody>\n<\/table>\n<p>[\/vc_column_text][vc_column_text uncode_shortcode_id=&#8221;931709&#8243; el_class=&#8221;table-programme&#8221; css=&#8221;.vc_custom_1753453565621{margin-top: 0px !important;}&#8221;]<\/p>\n<table>\n<tbody>\n<tr>\n<td>15:30<\/td>\n<td>Uhr<\/td>\n<td>Benjamins Racing Club<\/td>\n<\/tr>\n<\/tbody>\n<\/table>\n<p>[\/vc_column_text][vc_column_text uncode_shortcode_id=&#8221;134281&#8243; el_class=&#8221;table-programme table-markup-gold&#8221; css=&#8221;.vc_custom_1753454177177{margin-top: 0px !important;margin-bottom: 0px !important;}&#8221;]<\/p>\n<table>\n<tbody>\n<tr class=\"table-empty-row\">\n<td><\/td>\n<td><\/td>\n<td><\/td>\n<\/tr>\n<tr>\n<td>15:50<\/td>\n<td>Uhr<\/td>\n<td>American LaFrance<\/td>\n<\/tr>\n<tr>\n<td>16:10<\/td>\n<td>Uhr<\/td>\n<td>Wisconsin Special<\/td>\n<\/tr>\n<tr>\n<td>16:30<\/td>\n<td>Uhr<\/td>\n<td>Japan Domestic Market \/ JDMS &amp; Film Cars<\/td>\n<\/tr>\n<\/tbody>\n<\/table>\n<p>[\/vc_column_text][vc_column_text uncode_shortcode_id=&#8221;585548&#8243; el_class=&#8221;table-programme&#8221; css=&#8221;.vc_custom_1753454226301{margin-top: 0px !important;}&#8221;]<\/p>\n<table>\n<tbody>\n<tr>\n<td>16:50<\/td>\n<td>Uhr<\/td>\n<td>Racing Legends \u201ePrewars\u201c<\/td>\n<\/tr>\n<\/tbody>\n<\/table>\n<p>[\/vc_column_text][vc_column_text uncode_shortcode_id=&#8221;174224&#8243; el_class=&#8221;table-programme table-markup-gold&#8221; css=&#8221;.vc_custom_1753454294743{margin-top: 0px !important;margin-bottom: 0px !important;}&#8221;]<\/p>\n<table>\n<tbody>\n<tr class=\"table-empty-row\">\n<td><\/td>\n<td><\/td>\n<td><\/td>\n<\/tr>\n<tr>\n<td>17:10<\/td>\n<td>Uhr<\/td>\n<td>Motor Klassik Leserlauf \u2013 VW K\u00e4fer<\/td>\n<\/tr>\n<tr>\n<td>17:30<\/td>\n<td>Uhr<\/td>\n<td>Benjafields Racing Club \u2013 Bentleys<\/td>\n<\/tr>\n<\/tbody>\n<\/table>\n<p>[\/vc_column_text][vc_column_text uncode_shortcode_id=&#8221;202272&#8243; el_class=&#8221;table-programme&#8221; css=&#8221;.vc_custom_1753454371269{margin-top: 0px !important;}&#8221;]<\/p>\n<table>\n<tbody>\n<tr class=\"table-empty-row\">\n<td><\/td>\n<td><\/td>\n<td><\/td>\n<\/tr>\n<tr>\n<td>17:50<\/td>\n<td>Uhr<\/td>\n<td>Racing Legends \u201eModern\u201c<\/td>\n<\/tr>\n<tr>\n<td>18:00<\/td>\n<td>Uhr<\/td>\n<td>Offizielles Ende des 2. Tags<\/td>\n<\/tr>\n<\/tbody>\n<\/table>\n<p>[\/vc_column_text][\/vc_column][vc_column width=&#8221;1\/2&#8243;][vc_column_text uncode_shortcode_id=&#8221;176066&#8243; el_class=&#8221;table-programme&#8221; css=&#8221;.vc_custom_1753454747066{margin-bottom: 0px !important;}&#8221;]<\/p>\n<table>\n<thead>\n<tr>\n<th colspan=\"3\">Sonntag 3<span class=\"table-headtext-normal\">. August 2025*<\/span><\/th>\n<\/tr>\n<\/thead>\n<tbody>\n<tr>\n<td>9:00<\/td>\n<td>Uhr<\/td>\n<td>Beginn des Festival-Samstags<\/td>\n<\/tr>\n<tr>\n<td>9:55<\/td>\n<td>Uhr<\/td>\n<td>Motorr\u00e4der<\/td>\n<\/tr>\n<tr>\n<td>10:15<\/td>\n<td>Uhr<\/td>\n<td>Racing Legends \u201eHistoric\u201c<\/td>\n<\/tr>\n<tr>\n<td>10:30<\/td>\n<td>Uhr<\/td>\n<td>Racing Legends \u201eHeritage Heroes\u201c<\/td>\n<\/tr>\n<\/tbody>\n<\/table>\n<p>[\/vc_column_text][vc_column_text uncode_shortcode_id=&#8221;117227&#8243; el_class=&#8221;table-programme table-markup-gold&#8221; css=&#8221;.vc_custom_1753454774620{margin-top: 0px !important;margin-bottom: 0px !important;}&#8221;]<\/p>\n<table>\n<thead>\n<tr>\n<th colspan=\"3\">Sonderl\u00e4ufe<\/th>\n<\/tr>\n<\/thead>\n<tbody>\n<tr>\n<td>10:50<\/td>\n<td>Uhr<\/td>\n<td>Benjafields Racing Club \u2013 Bentleys<\/td>\n<\/tr>\n<tr>\n<td>11:25<\/td>\n<td>Uhr<\/td>\n<td>American LaFrance<\/td>\n<\/tr>\n<tr>\n<td>11:25<\/td>\n<td>Uhr<\/td>\n<td>Wisconsin Special<\/td>\n<\/tr>\n<tr>\n<td>11:45<\/td>\n<td>Uhr<\/td>\n<td>Motor Klassik Leserlauf \u2013 VW K\u00e4fer<\/td>\n<\/tr>\n<\/tbody>\n<\/table>\n<p>[\/vc_column_text][vc_column_text uncode_shortcode_id=&#8221;332990&#8243; el_class=&#8221;table-programme&#8221; css=&#8221;.vc_custom_1753454794555{margin-top: 0px !important;}&#8221;]<\/p>\n<table>\n<tbody>\n<tr>\n<td>12:00<\/td>\n<td>Uhr<\/td>\n<td>Racing Legends \u201eModern\u201c<\/td>\n<\/tr>\n<tr>\n<td>12:20<\/td>\n<td>Uhr<\/td>\n<td>Benjamins Racing Club<\/td>\n<\/tr>\n<tr>\n<td>12:35<\/td>\n<td>Uhr<\/td>\n<td>Racing Legends \u201ePrewars\u201c<\/td>\n<\/tr>\n<\/tbody>\n<\/table>\n<p>[\/vc_column_text][vc_column_text uncode_shortcode_id=&#8221;181996&#8243; el_class=&#8221;table-programme table-markup-gold&#8221; css=&#8221;.vc_custom_1753453966751{margin-top: 0px !important;margin-bottom: 0px !important;}&#8221;]<\/p>\n<table>\n<tbody>\n<tr class=\"table-empty-row\">\n<td><\/td>\n<td><\/td>\n<td><\/td>\n<\/tr>\n<tr>\n<td>13:15<\/td>\n<td>Uhr<\/td>\n<td>Japan Domestic Market \/ JDMS &amp; Film Cars<\/td>\n<\/tr>\n<tr>\n<td>13:35<\/td>\n<td>Uhr<\/td>\n<td>Benjafields Racing Club \u2013 Bentleys<\/td>\n<\/tr>\n<tr>\n<td>13:55<\/td>\n<td>Uhr<\/td>\n<td>Land Rover Sonderlauf<\/td>\n<\/tr>\n<\/tbody>\n<\/table>\n<p>[\/vc_column_text][vc_column_text uncode_shortcode_id=&#8221;189268&#8243; el_class=&#8221;table-programme&#8221; css=&#8221;.vc_custom_1753454874216{margin-top: 0px !important;}&#8221;]<\/p>\n<table>\n<tbody>\n<tr>\n<td>13:45<\/td>\n<td>Uhr<\/td>\n<td>Motorr\u00e4der<\/td>\n<\/tr>\n<tr>\n<td>14:05<\/td>\n<td>Uhr<\/td>\n<td>Racing Legends \u201eHistoric\u201c<\/td>\n<\/tr>\n<tr>\n<td>14:20<\/td>\n<td>Uhr<\/td>\n<td>Racing Legends \u201eHeritage Heroes\u201c<\/td>\n<\/tr>\n<\/tbody>\n<\/table>\n<p>[\/vc_column_text][vc_column_text uncode_shortcode_id=&#8221;163964&#8243; el_class=&#8221;table-programme table-markup-gold&#8221; css=&#8221;.vc_custom_1753454908624{margin-top: 0px !important;margin-bottom: 0px !important;}&#8221;]<\/p>\n<table>\n<tbody>\n<tr class=\"table-empty-row\">\n<td><\/td>\n<td><\/td>\n<td><\/td>\n<\/tr>\n<tr>\n<td>14:40<\/td>\n<td>Uhr<\/td>\n<td>DTM Porsche<\/td>\n<\/tr>\n<\/tbody>\n<\/table>\n<p>[\/vc_column_text][vc_column_text uncode_shortcode_id=&#8221;861214&#8243; el_class=&#8221;table-programme&#8221; css=&#8221;.vc_custom_1753454944203{margin-top: 0px !important;}&#8221;]<\/p>\n<table>\n<tbody>\n<tr>\n<td>14:55<\/td>\n<td>Uhr<\/td>\n<td>Benjamins Racing Club<\/td>\n<\/tr>\n<\/tbody>\n<\/table>\n<p>[\/vc_column_text][vc_column_text uncode_shortcode_id=&#8221;170367&#8243; el_class=&#8221;table-programme table-markup-gold&#8221; css=&#8221;.vc_custom_1753454969133{margin-top: 0px !important;margin-bottom: 0px !important;}&#8221;]<\/p>\n<table>\n<tbody>\n<tr class=\"table-empty-row\">\n<td><\/td>\n<td><\/td>\n<td><\/td>\n<\/tr>\n<tr>\n<td>15:15<\/td>\n<td>Uhr<\/td>\n<td>American LaFrance<\/td>\n<\/tr>\n<tr>\n<td>15:30<\/td>\n<td>Uhr<\/td>\n<td>Wisconsin Special<\/td>\n<\/tr>\n<tr>\n<td>15:50<\/td>\n<td>Uhr<\/td>\n<td>Japan Domestic Market \/ JDMS &amp; Film Cars<\/td>\n<\/tr>\n<\/tbody>\n<\/table>\n<p>[\/vc_column_text][vc_column_text uncode_shortcode_id=&#8221;768072&#8243; el_class=&#8221;table-programme&#8221; css=&#8221;.vc_custom_1753454983531{margin-top: 0px !important;}&#8221;]<\/p>\n<table>\n<tbody>\n<tr>\n<td>16:10<\/td>\n<td>Uhr<\/td>\n<td>Racing Legends \u201ePrewars\u201c<\/td>\n<\/tr>\n<\/tbody>\n<\/table>\n<p>[\/vc_column_text][vc_column_text uncode_shortcode_id=&#8221;158750&#8243; el_class=&#8221;table-programme table-markup-gold&#8221; css=&#8221;.vc_custom_1753455221316{margin-top: 0px !important;margin-bottom: 0px !important;}&#8221;]<\/p>\n<table>\n<tbody>\n<tr class=\"table-empty-row\">\n<td><\/td>\n<td><\/td>\n<td><\/td>\n<\/tr>\n<tr>\n<td>16:25<\/td>\n<td>Uhr<\/td>\n<td>Motor Klassik Leserlauf \u2013 VW K\u00e4fer<\/td>\n<\/tr>\n<tr>\n<td><span style=\"color: #ffffff !important;\">.<\/span><\/td>\n<td><\/td>\n<td><\/td>\n<\/tr>\n<\/tbody>\n<\/table>\n<p>[\/vc_column_text][vc_column_text uncode_shortcode_id=&#8221;177346&#8243; el_class=&#8221;table-programme&#8221; css=&#8221;.vc_custom_1753455042628{margin-top: 0px !important;}&#8221;]<\/p>\n<table>\n<tbody>\n<tr class=\"table-empty-row\">\n<td><\/td>\n<td><\/td>\n<td><\/td>\n<\/tr>\n<tr>\n<td>16:45<\/td>\n<td>Uhr<\/td>\n<td>Racing Legends \u201eModern\u201c<\/td>\n<\/tr>\n<tr>\n<td>17:00<\/td>\n<td>Uhr<\/td>\n<td>Offizielles Ende des 3. Tages und der Classic Days 2025<\/td>\n<\/tr>\n<\/tbody>\n<\/table>\n<p>[\/vc_column_text][\/vc_column][\/vc_row][vc_row][vc_column width=&#8221;1\/1&#8243;][vc_button button_color=&#8221;accent&#8221; border_width=&#8221;0&#8243; link=&#8221;url:https%3A%2F%2Fwww.classic-days.de%2Fdownload%2F3962%2F%3Ftmstv%3D1753604774|target:_blank|&#8221; button_color_type=&#8221;uncode-palette&#8221; icon=&#8221;fa fa-file-pdf-o&#8221; uncode_shortcode_id=&#8221;184127&#8243;]Programm als PDF-Download[\/vc_button][vc_empty_space empty_h=&#8221;1&#8243;][vc_column_text uncode_shortcode_id=&#8221;950941&#8243;]*vorl\u00e4ufiges Programm<br \/>\nJe nach Zeitfenstern und Abl\u00e4ufen. Sonderl\u00e4ufe nach Planung der Rundstrecken-Leitung.<br \/>\nStand 25.07. 2025 \u00c4nderungen vorbehalten.[\/vc_column_text][\/vc_column][\/vc_row][vc_row][vc_column width=&#8221;1\/1&#8243;][vc_empty_space empty_h=&#8221;2&#8243;][\/vc_column][\/vc_row]<\/p>\n<\/div>","protected":false},"excerpt":{"rendered":"<p>[vc_row row_height_percent=&#8221;0&#8243; override_padding=&#8221;yes&#8221; h_padding=&#8221;2&#8243; top_padding=&#8221;2&#8243; bottom_padding=&#8221;0&#8243; overlay_alpha=&#8221;50&#8243; gutter_size=&#8221;3&#8243; column_width_percent=&#8221;100&#8243; shift_y=&#8221;0&#8243; z_index=&#8221;0&#8243; content_parallax=&#8221;0&#8243; uncode_shortcode_id=&#8221;202080&#8243;][vc_column width=&#8221;1\/1&#8243;][vc_custom_heading text_size=&#8221;h1&#8243; uncode_shortcode_id=&#8221;373857&#8243; el_class=&#8221;headline-nomargin-bottom&#8221;]Ready \u2013 Set \u2013 [&hellip;]<\/p>\n","protected":false},"author":1,"featured_media":778,"parent":1180,"menu_order":2,"comment_status":"closed","ping_status":"closed","template":"","meta":{"footnotes":""},"class_list":["post-1182","page","type-page","status-publish","has-post-thumbnail","hentry"],"yoast_head":"<!-- This site is optimized with the Yoast SEO Premium plugin v27.4 (Yoast SEO v27.4) - https:\/\/yoast.com\/product\/yoast-seo-premium-wordpress\/ -->\n<title>Programme - Grand Meeting \u2013 The Festival<\/title>\n<meta name=\"robots\" content=\"index, follow, max-snippet:-1, max-image-preview:large, max-video-preview:-1\" \/>\n<link rel=\"canonical\" href=\"https:\/\/www.grandmeeting.de\/en\/visitors\/programme\/\" \/>\n<meta name=\"twitter:label1\" content=\"Est. reading time\" \/>\n\t<meta name=\"twitter:data1\" content=\"6 minutes\" \/>\n<script type=\"application\/ld+json\" class=\"yoast-schema-graph\">{\"@context\":\"https:\\\/\\\/schema.org\",\"@graph\":[{\"@type\":\"WebPage\",\"@id\":\"https:\\\/\\\/www.grandmeeting.de\\\/en\\\/visitors\\\/programme\\\/\",\"url\":\"https:\\\/\\\/www.grandmeeting.de\\\/en\\\/visitors\\\/programme\\\/\",\"name\":\"Programme - Grand Meeting \u2013 The Festival\",\"isPartOf\":{\"@id\":\"https:\\\/\\\/www.classic-days.de\\\/#website\"},\"primaryImageOfPage\":{\"@id\":\"https:\\\/\\\/www.grandmeeting.de\\\/en\\\/visitors\\\/programme\\\/#primaryimage\"},\"image\":{\"@id\":\"https:\\\/\\\/www.grandmeeting.de\\\/en\\\/visitors\\\/programme\\\/#primaryimage\"},\"thumbnailUrl\":\"https:\\\/\\\/www.grandmeeting.de\\\/wp-content\\\/uploads\\\/2025\\\/03\\\/post-fallback-image.png\",\"datePublished\":\"2025-03-21T09:21:46+00:00\",\"dateModified\":\"2025-10-01T08:41:39+00:00\",\"breadcrumb\":{\"@id\":\"https:\\\/\\\/www.grandmeeting.de\\\/en\\\/visitors\\\/programme\\\/#breadcrumb\"},\"inLanguage\":\"en-US\",\"potentialAction\":[{\"@type\":\"ReadAction\",\"target\":[\"https:\\\/\\\/www.grandmeeting.de\\\/en\\\/visitors\\\/programme\\\/\"]}]},{\"@type\":\"ImageObject\",\"inLanguage\":\"en-US\",\"@id\":\"https:\\\/\\\/www.grandmeeting.de\\\/en\\\/visitors\\\/programme\\\/#primaryimage\",\"url\":\"https:\\\/\\\/www.grandmeeting.de\\\/wp-content\\\/uploads\\\/2025\\\/03\\\/post-fallback-image.png\",\"contentUrl\":\"https:\\\/\\\/www.grandmeeting.de\\\/wp-content\\\/uploads\\\/2025\\\/03\\\/post-fallback-image.png\",\"width\":1600,\"height\":900},{\"@type\":\"BreadcrumbList\",\"@id\":\"https:\\\/\\\/www.grandmeeting.de\\\/en\\\/visitors\\\/programme\\\/#breadcrumb\",\"itemListElement\":[{\"@type\":\"ListItem\",\"position\":1,\"name\":\"Start\",\"item\":\"https:\\\/\\\/www.grandmeeting.de\\\/en\\\/lifestyle-und-culture-car-event\\\/\"},{\"@type\":\"ListItem\",\"position\":2,\"name\":\"Visitors\",\"item\":\"https:\\\/\\\/www.grandmeeting.de\\\/en\\\/visitors\\\/\"},{\"@type\":\"ListItem\",\"position\":3,\"name\":\"Programme\"}]},{\"@type\":\"WebSite\",\"@id\":\"https:\\\/\\\/www.classic-days.de\\\/#website\",\"url\":\"https:\\\/\\\/www.classic-days.de\\\/\",\"name\":\"Grand Meeting \u2013 The Festival\",\"description\":\"Festival of Motoring Culture &amp; Lifestyle in Korschenbroich bei D\u00fcsseldorf\",\"potentialAction\":[{\"@type\":\"SearchAction\",\"target\":{\"@type\":\"EntryPoint\",\"urlTemplate\":\"https:\\\/\\\/www.classic-days.de\\\/?s={search_term_string}\"},\"query-input\":{\"@type\":\"PropertyValueSpecification\",\"valueRequired\":true,\"valueName\":\"search_term_string\"}}],\"inLanguage\":\"en-US\"}]}<\/script>\n<!-- \/ Yoast SEO Premium plugin. -->","yoast_head_json":{"title":"Programme - Grand Meeting \u2013 The Festival","robots":{"index":"index","follow":"follow","max-snippet":"max-snippet:-1","max-image-preview":"max-image-preview:large","max-video-preview":"max-video-preview:-1"},"canonical":"https:\/\/www.grandmeeting.de\/en\/visitors\/programme\/","twitter_misc":{"Est. reading time":"6 minutes"},"schema":{"@context":"https:\/\/schema.org","@graph":[{"@type":"WebPage","@id":"https:\/\/www.grandmeeting.de\/en\/visitors\/programme\/","url":"https:\/\/www.grandmeeting.de\/en\/visitors\/programme\/","name":"Programme - Grand Meeting \u2013 The Festival","isPartOf":{"@id":"https:\/\/www.classic-days.de\/#website"},"primaryImageOfPage":{"@id":"https:\/\/www.grandmeeting.de\/en\/visitors\/programme\/#primaryimage"},"image":{"@id":"https:\/\/www.grandmeeting.de\/en\/visitors\/programme\/#primaryimage"},"thumbnailUrl":"https:\/\/www.grandmeeting.de\/wp-content\/uploads\/2025\/03\/post-fallback-image.png","datePublished":"2025-03-21T09:21:46+00:00","dateModified":"2025-10-01T08:41:39+00:00","breadcrumb":{"@id":"https:\/\/www.grandmeeting.de\/en\/visitors\/programme\/#breadcrumb"},"inLanguage":"en-US","potentialAction":[{"@type":"ReadAction","target":["https:\/\/www.grandmeeting.de\/en\/visitors\/programme\/"]}]},{"@type":"ImageObject","inLanguage":"en-US","@id":"https:\/\/www.grandmeeting.de\/en\/visitors\/programme\/#primaryimage","url":"https:\/\/www.grandmeeting.de\/wp-content\/uploads\/2025\/03\/post-fallback-image.png","contentUrl":"https:\/\/www.grandmeeting.de\/wp-content\/uploads\/2025\/03\/post-fallback-image.png","width":1600,"height":900},{"@type":"BreadcrumbList","@id":"https:\/\/www.grandmeeting.de\/en\/visitors\/programme\/#breadcrumb","itemListElement":[{"@type":"ListItem","position":1,"name":"Start","item":"https:\/\/www.grandmeeting.de\/en\/lifestyle-und-culture-car-event\/"},{"@type":"ListItem","position":2,"name":"Visitors","item":"https:\/\/www.grandmeeting.de\/en\/visitors\/"},{"@type":"ListItem","position":3,"name":"Programme"}]},{"@type":"WebSite","@id":"https:\/\/www.classic-days.de\/#website","url":"https:\/\/www.classic-days.de\/","name":"Grand Meeting \u2013 The Festival","description":"Festival of Motoring Culture &amp; Lifestyle in Korschenbroich bei D\u00fcsseldorf","potentialAction":[{"@type":"SearchAction","target":{"@type":"EntryPoint","urlTemplate":"https:\/\/www.classic-days.de\/?s={search_term_string}"},"query-input":{"@type":"PropertyValueSpecification","valueRequired":true,"valueName":"search_term_string"}}],"inLanguage":"en-US"}]}},"_links":{"self":[{"href":"https:\/\/www.grandmeeting.de\/en\/wp-json\/wp\/v2\/pages\/1182","targetHints":{"allow":["GET"]}}],"collection":[{"href":"https:\/\/www.grandmeeting.de\/en\/wp-json\/wp\/v2\/pages"}],"about":[{"href":"https:\/\/www.grandmeeting.de\/en\/wp-json\/wp\/v2\/types\/page"}],"author":[{"embeddable":true,"href":"https:\/\/www.grandmeeting.de\/en\/wp-json\/wp\/v2\/users\/1"}],"replies":[{"embeddable":true,"href":"https:\/\/www.grandmeeting.de\/en\/wp-json\/wp\/v2\/comments?post=1182"}],"version-history":[{"count":8,"href":"https:\/\/www.grandmeeting.de\/en\/wp-json\/wp\/v2\/pages\/1182\/revisions"}],"predecessor-version":[{"id":3968,"href":"https:\/\/www.grandmeeting.de\/en\/wp-json\/wp\/v2\/pages\/1182\/revisions\/3968"}],"up":[{"embeddable":true,"href":"https:\/\/www.grandmeeting.de\/en\/wp-json\/wp\/v2\/pages\/1180"}],"wp:featuredmedia":[{"embeddable":true,"href":"https:\/\/www.grandmeeting.de\/en\/wp-json\/wp\/v2\/media\/778"}],"wp:attachment":[{"href":"https:\/\/www.grandmeeting.de\/en\/wp-json\/wp\/v2\/media?parent=1182"}],"curies":[{"name":"wp","href":"https:\/\/api.w.org\/{rel}","templated":true}]}}